{"id":238,"date":"2025-11-14T09:31:51","date_gmt":"2025-11-14T08:31:51","guid":{"rendered":"http:\/\/awg-forstern.de\/wordpress\/?page_id=238"},"modified":"2026-03-18T09:10:47","modified_gmt":"2026-03-18T08:10:47","slug":"238-2","status":"publish","type":"page","link":"https:\/\/awg-forstern.de\/wordpress\/","title":{"rendered":""},"content":{"rendered":"\n<h3 class=\"wp-block-heading\">Willkommen bei der AWG Forstern<\/h3>\n\n\n\n<p><strong>ERBE BEWAHREN \u2013 ZUKUNFT GESTALTEN<\/strong><\/p>\n\n\n\n<p>Die Alte W\u00e4hlergemeinschaft Forstern (AWG) ist seit 1948 die parteiunabh\u00e4ngige Stimme unserer Gemeinde. Ohne Parteizwang engagieren sich B\u00fcrgerinnen und B\u00fcrger seit \u00fcber 75 Jahren ausschlie\u00dflich f\u00fcr das Wohl unserer Heimat. Aus unseren Reihen stellten wir durchgehend den 1. B\u00fcrgermeister (aktuell <strong>Rainer Streu<\/strong>) und sind derzeit mit <strong>6 Gemeinder\u00e4ten<\/strong> stark vertreten.<br>N\u00e4he zu den Menschen, sachorientierte Politik und der Ausgleich zwischen B\u00fcrgerw\u00fcnschen und rechtlichen M\u00f6glichkeiten pr\u00e4gen unsere Arbeit.<\/p>\n\n\n\n<p>Unser Leitmotiv bleibt: <strong>ERBE BEWAHREN \u2013 ZUKUNFT GESTALTEN<\/strong><br>Unser Auftrag f\u00fcr die Zukunft: <strong>MENSCHLICH DENKEN \u2013 NACHHALTIG HANDELN<\/strong><\/p>\n\n\n\n<h3 class=\"wp-block-heading\"><\/h3>\n\n\n\n<p><\/p>\n\n\n\n<p><\/p>\n\n\n\n<p><\/p>\n","protected":false},"excerpt":{"rendered":"<p>Willkommen bei der AWG Forstern ERBE BEWAHREN \u2013 ZUKUNFT GESTALTEN &hellip; <\/p>\n","protected":false},"author":4,"featured_media":0,"parent":0,"menu_order":0,"comment_status":"closed","ping_status":"closed","template":"","meta":{"footnotes":""},"class_list":["post-238","page","type-page","status-publish","hentry"],"_links":{"self":[{"href":"https:\/\/awg-forstern.de\/wordpress\/wp-json\/wp\/v2\/pages\/238","targetHints":{"allow":["GET"]}}],"collection":[{"href":"https:\/\/awg-forstern.de\/wordpress\/wp-json\/wp\/v2\/pages"}],"about":[{"href":"https:\/\/awg-forstern.de\/wordpress\/wp-json\/wp\/v2\/types\/page"}],"author":[{"embeddable":true,"href":"https:\/\/awg-forstern.de\/wordpress\/wp-json\/wp\/v2\/users\/4"}],"replies":[{"embeddable":true,"href":"https:\/\/awg-forstern.de\/wordpress\/wp-json\/wp\/v2\/comments?post=238"}],"version-history":[{"count":14,"href":"https:\/\/awg-forstern.de\/wordpress\/wp-json\/wp\/v2\/pages\/238\/revisions"}],"predecessor-version":[{"id":662,"href":"https:\/\/awg-forstern.de\/wordpress\/wp-json\/wp\/v2\/pages\/238\/revisions\/662"}],"wp:attachment":[{"href":"https:\/\/awg-forstern.de\/wordpress\/wp-json\/wp\/v2\/media?parent=238"}],"curies":[{"name":"wp","href":"https:\/\/api.w.org\/{rel}","templated":true}]}}